{"id":2,"date":"2023-08-19T10:45:33","date_gmt":"2023-08-19T08:45:33","guid":{"rendered":"http:\/\/c-est-ok.com\/?page_id=2"},"modified":"2023-09-05T00:54:00","modified_gmt":"2023-09-04T22:54:00","slug":"page-d-exemple","status":"publish","type":"page","link":"https:\/\/c-est-ok.com\/index.php\/page-d-exemple\/","title":{"rendered":"Page d\u2019exemple"},"content":{"rendered":"<ul class=\"wp-block-latest-posts__list has-dates has-author wp-block-latest-posts\"><li><a class=\"wp-block-latest-posts__post-title\" href=\"https:\/\/c-est-ok.com\/index.php\/2019\/02\/20\/cest-deja-le-depart\/\">C&rsquo;est d\u00e9j\u00e0 le d\u00e9part<\/a><div class=\"wp-block-latest-posts__post-author\">par Olivier<\/div><time datetime=\"2019-02-20T23:17:00+01:00\" class=\"wp-block-latest-posts__post-date\">20 f\u00e9vrier 2019<\/time><div class=\"wp-block-latest-posts__post-excerpt\">Il est temps de laisser notre belle maison d&rsquo;Orlando et de repartir vers l&rsquo;a\u00e9roport de Miami. Mais avant, un dernier petit restaurant au bord de la plage : Et voil\u00e0 c&rsquo;est bient\u00f4t l&rsquo;avion du retour :<\/div><\/li>\n<li><a class=\"wp-block-latest-posts__post-title\" href=\"https:\/\/c-est-ok.com\/index.php\/2019\/02\/19\/universal\/\">Universal<\/a><div class=\"wp-block-latest-posts__post-author\">par Olivier<\/div><time datetime=\"2019-02-19T06:19:00+01:00\" class=\"wp-block-latest-posts__post-date\">19 f\u00e9vrier 2019<\/time><div class=\"wp-block-latest-posts__post-excerpt\">Pour notre dernier jour plein en Floride, nous avons fait le parc Universal Studio Au programme : Harry Potter, Les Minions, Les Simpsons, Les Transformers, Shrek, E.T., Fast and Furious &#8230; L&rsquo;arriv\u00e9e : Lucie en train de menotter Louna : Louna dans le magasin de baguettes magiques : Au final une tr\u00e8s bonne journ\u00e9e ! Un grand merci \u00e0 Pierrette et Alex&hellip;&nbsp;<a href=\"https:\/\/c-est-ok.com\/index.php\/2019\/02\/19\/universal\/\" class=\"\" rel=\"bookmark\">Lire la suite &raquo;<span class=\"screen-reader-text\">Universal<\/span><\/a><\/div><\/li>\n<li><a class=\"wp-block-latest-posts__post-title\" href=\"https:\/\/c-est-ok.com\/index.php\/2019\/02\/18\/et-des-oreilles-de-mickey\/\">Et des oreilles de Mickey<\/a><div class=\"wp-block-latest-posts__post-author\">par Olivier<\/div><time datetime=\"2019-02-18T03:56:00+01:00\" class=\"wp-block-latest-posts__post-date\">18 f\u00e9vrier 2019<\/time><div class=\"wp-block-latest-posts__post-excerpt\">Ici, il est normal de se balader avec des oreilles de Mickey sur la t\u00eate. Pour les enfants bien s\u00fbr Mais aussi pour les plus grands ! Mais aussi sur les chiens !<\/div><\/li>\n<li><a class=\"wp-block-latest-posts__post-title\" href=\"https:\/\/c-est-ok.com\/index.php\/2019\/02\/18\/des-chapeaux\/\">Des chapeaux<\/a><div class=\"wp-block-latest-posts__post-author\">par Olivier<\/div><time datetime=\"2019-02-18T03:48:00+01:00\" class=\"wp-block-latest-posts__post-date\">18 f\u00e9vrier 2019<\/time><div class=\"wp-block-latest-posts__post-excerpt\">Encore une s\u00e9ance chapeaux pour Louna<\/div><\/li>\n<li><a class=\"wp-block-latest-posts__post-title\" href=\"https:\/\/c-est-ok.com\/index.php\/2019\/02\/18\/lego-store\/\">Lego store<\/a><div class=\"wp-block-latest-posts__post-author\">par Olivier<\/div><time datetime=\"2019-02-18T03:46:00+01:00\" class=\"wp-block-latest-posts__post-date\">18 f\u00e9vrier 2019<\/time><div class=\"wp-block-latest-posts__post-excerpt\">Dans Disney Springs, il y a aussi un Lego store avec de belles sculptures &nbsp;<\/div><\/li>\n<li><a class=\"wp-block-latest-posts__post-title\" href=\"https:\/\/c-est-ok.com\/index.php\/2019\/02\/18\/un-tour-chez-mickey\/\">Un tour chez Mickey<\/a><div class=\"wp-block-latest-posts__post-author\">par Olivier<\/div><time datetime=\"2019-02-18T03:44:00+01:00\" class=\"wp-block-latest-posts__post-date\">18 f\u00e9vrier 2019<\/time><div class=\"wp-block-latest-posts__post-excerpt\">Apr\u00e8s une matin\u00e9e tranquille \u00e0 la maison avec piscine et BBQ, nous sommes all\u00e9s \u00e0 Disney.&nbsp; Pas dans le parc d&rsquo;attraction mais \u00e0 Disney Springs : un genre de parc avec des magasins sympas et des restaurants.<\/div><\/li>\n<li><a class=\"wp-block-latest-posts__post-title\" href=\"https:\/\/c-est-ok.com\/index.php\/2019\/02\/17\/en-route-pour-lespace\/\">En route pour l&rsquo;espace !<\/a><div class=\"wp-block-latest-posts__post-author\">par Olivier<\/div><time datetime=\"2019-02-17T03:42:00+01:00\" class=\"wp-block-latest-posts__post-date\">17 f\u00e9vrier 2019<\/time><div class=\"wp-block-latest-posts__post-excerpt\">Aujourd&rsquo;hui nous allons au Kennedy Space Center \u00e0 Cap Canaveral : Nous avons pass\u00e9 une superbe journ\u00e9e sur la base de lancement. Le site retrace toute l&rsquo;histoire de la conqu\u00eate spatiale depuis Apollo 1 jusqu&rsquo;aux derni\u00e8res fus\u00e9es Space X en passant par l&rsquo;atterrissage sur la lune et les navettes. Nous avons pu voir les vraies fus\u00e9es, c&rsquo;est vraiment impressionnant. Quelques photos :&hellip;&nbsp;<a href=\"https:\/\/c-est-ok.com\/index.php\/2019\/02\/17\/en-route-pour-lespace\/\" class=\"\" rel=\"bookmark\">Lire la suite &raquo;<span class=\"screen-reader-text\">En route pour l&rsquo;espace !<\/span><\/a><\/div><\/li>\n<li><a class=\"wp-block-latest-posts__post-title\" href=\"https:\/\/c-est-ok.com\/index.php\/2019\/02\/16\/journee-tranquille-et-shopping\/\">Journ\u00e9e tranquille et shopping<\/a><div class=\"wp-block-latest-posts__post-author\">par Olivier<\/div><time datetime=\"2019-02-16T03:57:00+01:00\" class=\"wp-block-latest-posts__post-date\">16 f\u00e9vrier 2019<\/time><div class=\"wp-block-latest-posts__post-excerpt\">Ce matin, nous avions pr\u00e9vu de faire un brunch dans un mall. Le temps de se lever, se pr\u00e9parer et surtout d&rsquo;affronter les bouchons autour d&rsquo;Orlando et des parcs d&rsquo;attractions, nous sommes arriv\u00e9es pour faire plut\u00f4t un d\u00e9jeuner. Ensuite, shopping dans le mall puis dans un outlet puis dans un Walmart pour faire les courses. Avec \u00e0 chaque fois un peu de&hellip;&nbsp;<a href=\"https:\/\/c-est-ok.com\/index.php\/2019\/02\/16\/journee-tranquille-et-shopping\/\" class=\"\" rel=\"bookmark\">Lire la suite &raquo;<span class=\"screen-reader-text\">Journ\u00e9e tranquille et shopping<\/span><\/a><\/div><\/li>\n<li><a class=\"wp-block-latest-posts__post-title\" href=\"https:\/\/c-est-ok.com\/index.php\/2019\/02\/15\/un-match-de-nba\/\">Un match de NBA<\/a><div class=\"wp-block-latest-posts__post-author\">par Olivier<\/div><time datetime=\"2019-02-15T07:43:00+01:00\" class=\"wp-block-latest-posts__post-date\">15 f\u00e9vrier 2019<\/time><div class=\"wp-block-latest-posts__post-excerpt\">Ce soir, pour bien finir cette belle journ\u00e9e, nous avons pris des places pour voir un match de NBA : Orlando VS Charlotte (le club de Tony Parker &#8211; mais qui n&rsquo;a pas jou\u00e9) La salle est \u00e9norme et l&rsquo;ambiance est d\u00e9lirante. Quelques photos pour r\u00e9sumer tout \u00e7a :<\/div><\/li>\n<li><a class=\"wp-block-latest-posts__post-title\" href=\"https:\/\/c-est-ok.com\/index.php\/2019\/02\/15\/les-everglades\/\">Les Everglades<\/a><div class=\"wp-block-latest-posts__post-author\">par Olivier<\/div><time datetime=\"2019-02-15T07:35:00+01:00\" class=\"wp-block-latest-posts__post-date\">15 f\u00e9vrier 2019<\/time><div class=\"wp-block-latest-posts__post-excerpt\">Nous n&rsquo;avons pas regrett\u00e9 d&rsquo;avoir report\u00e9 notre visite des Everglades car aujourd&rsquo;hui le beau temps \u00e9tait avec nous. Nous avons donc pu faire un tour d&rsquo;Airboat priv\u00e9 avec un guide pour nous montrer cet environnement si particulier. On est donc parti \u00e0 fond sur notre bateau \u00e0 fond plat propuls\u00e9 par une \u00e9norme h\u00e9lice. Nous avons d&rsquo;abord vu pleins d&rsquo;oiseaux Puis les&hellip;&nbsp;<a href=\"https:\/\/c-est-ok.com\/index.php\/2019\/02\/15\/les-everglades\/\" class=\"\" rel=\"bookmark\">Lire la suite &raquo;<span class=\"screen-reader-text\">Les Everglades<\/span><\/a><\/div><\/li>\n<li><a class=\"wp-block-latest-posts__post-title\" href=\"https:\/\/c-est-ok.com\/index.php\/2019\/02\/15\/notre-immeuble-vu-du-ciel\/\">Notre immeuble vu du ciel<\/a><div class=\"wp-block-latest-posts__post-author\">par Olivier<\/div><time datetime=\"2019-02-15T07:24:00+01:00\" class=\"wp-block-latest-posts__post-date\">15 f\u00e9vrier 2019<\/time><div class=\"wp-block-latest-posts__post-excerpt\">Ce matin, j&rsquo;ai r\u00e9ussi \u00e0 faire une petite sortie en drone juste en bas de notre immeuble L&rsquo;immeuble vue d&rsquo;en bas : Le m\u00eame vue d&rsquo;en haut (\u00e0 gauche) :<\/div><\/li>\n<\/ul>","protected":false},"excerpt":{"rendered":"","protected":false},"author":1,"featured_media":0,"parent":0,"menu_order":0,"comment_status":"closed","ping_status":"open","template":"","meta":{"neve_meta_sidebar":"","neve_meta_container":"","neve_meta_enable_content_width":"","neve_meta_content_width":0,"neve_meta_title_alignment":"","neve_meta_author_avatar":"","neve_post_elements_order":"","neve_meta_disable_header":"","neve_meta_disable_footer":"","neve_meta_disable_title":"","footnotes":""},"class_list":["post-2","page","type-page","status-publish","hentry"],"_links":{"self":[{"href":"https:\/\/c-est-ok.com\/index.php\/wp-json\/wp\/v2\/pages\/2","targetHints":{"allow":["GET"]}}],"collection":[{"href":"https:\/\/c-est-ok.com\/index.php\/wp-json\/wp\/v2\/pages"}],"about":[{"href":"https:\/\/c-est-ok.com\/index.php\/wp-json\/wp\/v2\/types\/page"}],"author":[{"embeddable":true,"href":"https:\/\/c-est-ok.com\/index.php\/wp-json\/wp\/v2\/users\/1"}],"replies":[{"embeddable":true,"href":"https:\/\/c-est-ok.com\/index.php\/wp-json\/wp\/v2\/comments?post=2"}],"version-history":[{"count":3,"href":"https:\/\/c-est-ok.com\/index.php\/wp-json\/wp\/v2\/pages\/2\/revisions"}],"predecessor-version":[{"id":871,"href":"https:\/\/c-est-ok.com\/index.php\/wp-json\/wp\/v2\/pages\/2\/revisions\/871"}],"wp:attachment":[{"href":"https:\/\/c-est-ok.com\/index.php\/wp-json\/wp\/v2\/media?parent=2"}],"curies":[{"name":"wp","href":"https:\/\/api.w.org\/{rel}","templated":true}]}}